{"id":26,"date":"2024-05-26T18:12:05","date_gmt":"2024-05-26T16:12:05","guid":{"rendered":"http:\/\/croqueurs-centrevosges.fr\/?page_id=26"},"modified":"2025-05-29T12:35:32","modified_gmt":"2025-05-29T10:35:32","slug":"adhesion","status":"publish","type":"page","link":"https:\/\/croqueurs-centrevosges.fr\/?page_id=26","title":{"rendered":"Adh\u00e9sion"},"content":{"rendered":"\n<p>Adh\u00e9rez c&rsquo;est pratique ! Les adh\u00e9rents b\u00e9n\u00e9ficient de nombreux services&nbsp;:<\/p>\n\n\n\n<ul class=\"wp-block-list\">\n<li><strong>chaque trimestre, le bulletin de liaison<\/strong>. C&rsquo;est un bulletin \u00e9dit\u00e9 par l&rsquo;association nationale, sise \u00e0 Belfort. On y trouve l&rsquo;actualit\u00e9 des sections, des annonces des adh\u00e9rents, des le\u00e7ons d&rsquo;arboriculture&#8230; mais aussi des recherches historiques ou encore des recettes. R\u00e9ception fin mars, fin juin, fin septembre, fin d\u00e9cembre et fin janvier pour le n\u00b0 sp\u00e9cial.<\/li>\n\n\n\n<li><strong>les conseils pr\u00e9cieux<\/strong> de ses copains adh\u00e9rents. Les s\u00e9ances de formation ainsi que les diverses manifestations organis\u00e9es sont les lieux id\u00e9aux pour les \u00e9changes de toutes sortes : tailles, astuces, recettes&#8230;<\/li>\n\n\n\n<li><strong>la commande group\u00e9e de porte-greffes<\/strong> : la commande s&rsquo;effectue en d\u00e9cembre, pour une livraison en janvier-f\u00e9vrier. Les porte-greffes propos\u00e9s : pomme, poire, prune, cerisier, pour la formation d&rsquo;arbres haute-tige (francs, bittenfelder, merisier, myrobolan), d&rsquo;arbres demi-tige (M106, sainte lucie, cognassier d&rsquo;Anger) ou encore basse-tige (M9).<\/li>\n\n\n\n<li><strong>la bourse aux greffons <\/strong>de vari\u00e9t\u00e9s locales et\/ou anciennes, qui se tient en f\u00e9vrier. Chacun apporte ses bottes de greffons de vari\u00e9t\u00e9s identifi\u00e9es, et se sert dans celles des copains.<\/li>\n\n\n\n<li><strong>la boutique des accessoires <\/strong>qu&rsquo;il est difficile de trouver dans le commerce. Ainsi nous vendons des \u00e9lastiques \u00e0 greffer, des \u00e9tiquettes \u00e0 graver en aluminium ou en plastique, du mastic \u00e0 greffer d\u00e9taill\u00e9 en pots (lac balsam), du lugol (r\u00e9actif \u00e0 l&rsquo;amidon destin\u00e9s \u00e0 visualiser le degr\u00e9 de maturit\u00e9 des pommes)&#8230;<\/li>\n\n\n\n<li><strong>les ouvrages sp\u00e9cialis\u00e9s<\/strong> : L&rsquo;association nationale, outre son bulletin de liaison, publie des recueils destin\u00e9s \u00e0 la formation du public. G\u00e9n\u00e9ralement peu co\u00fbteux, ces ouvrages expliquent <strong>la taille, la greffe, les maladies et ravageurs, la pomologie, les recettes.<\/strong> Des <strong>photos de fruits<\/strong> en couleurs, avec description litt\u00e9rale, sont \u00e9galement propos\u00e9es au format A5 ; \u00e0 ce jour 476 fruits ont \u00e9t\u00e9 d\u00e9crits par les diff\u00e9rentes sections. <\/li>\n<\/ul>\n\n\n\n<div class=\"wp-block-file\"><a id=\"wp-block-file--media-ae31f898-b842-4062-b230-09fb4892290d\" href=\"https:\/\/croqueurs-centrevosges.fr\/wp-content\/uploads\/2025\/05\/1-Formulaires-adhesion-2025-vierge.jpg\">1 Formulaires adh\u00e9sion 2025 vierge<\/a><a href=\"https:\/\/croqueurs-centrevosges.fr\/wp-content\/uploads\/2025\/05\/1-Formulaires-adhesion-2025-vierge.jpg\" class=\"wp-block-file__button wp-element-button\" download aria-describedby=\"wp-block-file--media-ae31f898-b842-4062-b230-09fb4892290d\">T\u00e9l\u00e9charger<\/a><\/div>\n","protected":false},"excerpt":{"rendered":"<p>Adh\u00e9rez c&rsquo;est pratique ! Les adh\u00e9rents b\u00e9n\u00e9ficient de nombreux services&nbsp;:<\/p>\n","protected":false},"author":1,"featured_media":0,"parent":0,"menu_order":0,"comment_status":"closed","ping_status":"closed","template":"","meta":{"_EventAllDay":false,"_EventTimezone":"","_EventStartDate":"","_EventEndDate":"","_EventStartDateUTC":"","_EventEndDateUTC":"","_EventShowMap":false,"_EventShowMapLink":false,"_EventURL":"","_EventCost":"","_EventCostDescription":"","_EventCurrencySymbol":"","_EventCurrencyCode":"","_EventCurrencyPosition":"","_EventDateTimeSeparator":"","_EventTimeRangeSeparator":"","_EventOrganizerID":[],"_EventVenueID":[],"_OrganizerEmail":"","_OrganizerPhone":"","_OrganizerWebsite":"","_VenueAddress":"","_VenueCity":"","_VenueCountry":"","_VenueProvince":"","_VenueState":"","_VenueZip":"","_VenuePhone":"","_VenueURL":"","_VenueStateProvince":"","_VenueLat":"","_VenueLng":"","_VenueShowMap":false,"_VenueShowMapLink":false,"footnotes":""},"class_list":["post-26","page","type-page","status-publish","hentry"],"_links":{"self":[{"href":"https:\/\/croqueurs-centrevosges.fr\/index.php?rest_route=\/wp\/v2\/pages\/26","targetHints":{"allow":["GET"]}}],"collection":[{"href":"https:\/\/croqueurs-centrevosges.fr\/index.php?rest_route=\/wp\/v2\/pages"}],"about":[{"href":"https:\/\/croqueurs-centrevosges.fr\/index.php?rest_route=\/wp\/v2\/types\/page"}],"author":[{"embeddable":true,"href":"https:\/\/croqueurs-centrevosges.fr\/index.php?rest_route=\/wp\/v2\/users\/1"}],"replies":[{"embeddable":true,"href":"https:\/\/croqueurs-centrevosges.fr\/index.php?rest_route=%2Fwp%2Fv2%2Fcomments&post=26"}],"version-history":[{"count":4,"href":"https:\/\/croqueurs-centrevosges.fr\/index.php?rest_route=\/wp\/v2\/pages\/26\/revisions"}],"predecessor-version":[{"id":243,"href":"https:\/\/croqueurs-centrevosges.fr\/index.php?rest_route=\/wp\/v2\/pages\/26\/revisions\/243"}],"wp:attachment":[{"href":"https:\/\/croqueurs-centrevosges.fr\/index.php?rest_route=%2Fwp%2Fv2%2Fmedia&parent=26"}],"curies":[{"name":"wp","href":"https:\/\/api.w.org\/{rel}","templated":true}]}}